{"id":743,"date":"2016-09-25T08:22:44","date_gmt":"2016-09-25T07:22:44","guid":{"rendered":"http:\/\/mcbourguignon.fr\/?page_id=743"},"modified":"2017-04-21T18:59:19","modified_gmt":"2017-04-21T17:59:19","slug":"743-2","status":"publish","type":"page","link":"https:\/\/mcbourguignon.fr\/?page_id=743","title":{"rendered":"A contre temps &#8211; 2016 &#8211; 2017"},"content":{"rendered":"<div id=\"attachment_758\" style=\"width: 710px\" class=\"wp-caption aligncenter\"><a href=\"http:\/\/mcbourguignon.fr\/wp-content\/uploads\/2016\/09\/A-contre-temps-1-5.jpg\" rel=\"attachment wp-att-758\"><img loading=\"lazy\" decoding=\"async\" aria-describedby=\"caption-attachment-758\" class=\"size-medium wp-image-758\" src=\"http:\/\/mcbourguignon.fr\/wp-content\/uploads\/2016\/09\/A-contre-temps-1-5-300x225.jpg\" alt=\"A contre temps - 1-5 - 2016 - Peinture acrylique sur toile - Dim : 1,64 x 1,95 m\" width=\"700\" height=\"525\" srcset=\"https:\/\/mcbourguignon.fr\/wp-content\/uploads\/2016\/09\/A-contre-temps-1-5-300x225.jpg 300w, https:\/\/mcbourguignon.fr\/wp-content\/uploads\/2016\/09\/A-contre-temps-1-5-768x576.jpg 768w, https:\/\/mcbourguignon.fr\/wp-content\/uploads\/2016\/09\/A-contre-temps-1-5-1024x768.jpg 1024w\" sizes=\"auto, (max-width: 700px) 100vw, 700px\" \/><\/a><p id=\"caption-attachment-758\" class=\"wp-caption-text\">A contre temps &#8211; 1-5 &#8211; 2016 &#8211; Peinture acrylique sur toile &#8211; Dim : 1,64 x 1,95 m<\/p><\/div>\n<p style=\"padding-left: 60px;\">Tout allait bien, on avait surmont\u00e9 la vague<\/p>\n<p style=\"padding-left: 60px;\">On s&rsquo;\u00e9tait roul\u00e9 dans les vagues<\/p>\n<div id=\"attachment_763\" style=\"width: 710px\" class=\"wp-caption aligncenter\"><a href=\"http:\/\/mcbourguignon.fr\/wp-content\/uploads\/2016\/09\/A-contre-temps-2.jpg\" rel=\"attachment wp-att-763\"><img loading=\"lazy\" decoding=\"async\" aria-describedby=\"caption-attachment-763\" class=\"size-medium wp-image-763\" src=\"http:\/\/mcbourguignon.fr\/wp-content\/uploads\/2016\/09\/A-contre-temps-2-300x225.jpg\" alt=\"A contre temps - 2 - 2016 - Peinture acrylique sur toile - Dim : 1,64 x 1,95 m\" width=\"700\" height=\"525\" srcset=\"https:\/\/mcbourguignon.fr\/wp-content\/uploads\/2016\/09\/A-contre-temps-2-300x225.jpg 300w, https:\/\/mcbourguignon.fr\/wp-content\/uploads\/2016\/09\/A-contre-temps-2-768x576.jpg 768w, https:\/\/mcbourguignon.fr\/wp-content\/uploads\/2016\/09\/A-contre-temps-2-1024x768.jpg 1024w\" sizes=\"auto, (max-width: 700px) 100vw, 700px\" \/><\/a><p id=\"caption-attachment-763\" class=\"wp-caption-text\">A contre temps &#8211; 2 &#8211; 2016 &#8211; Peinture acrylique sur toile &#8211; Dim : 1,64 x 1,95 m<\/p><\/div>\n<p style=\"padding-left: 60px;\">On avait trouv\u00e9 les anc\u00eatres<\/p>\n<p style=\"padding-left: 60px;\">Avec nos cheveux de terre<\/p>\n<div id=\"attachment_766\" style=\"width: 710px\" class=\"wp-caption aligncenter\"><a href=\"http:\/\/mcbourguignon.fr\/wp-content\/uploads\/2016\/09\/A-contre-temps-3.jpg\" rel=\"attachment wp-att-766\"><img loading=\"lazy\" decoding=\"async\" aria-describedby=\"caption-attachment-766\" class=\"size-medium wp-image-766\" src=\"http:\/\/mcbourguignon.fr\/wp-content\/uploads\/2016\/09\/A-contre-temps-3-300x225.jpg\" alt=\"A contre temps - 3 - 2016 - Peinture acrylique sur toile - Dim : 1,64 x 1,95 m\" width=\"700\" height=\"525\" srcset=\"https:\/\/mcbourguignon.fr\/wp-content\/uploads\/2016\/09\/A-contre-temps-3-300x225.jpg 300w, https:\/\/mcbourguignon.fr\/wp-content\/uploads\/2016\/09\/A-contre-temps-3-768x576.jpg 768w, https:\/\/mcbourguignon.fr\/wp-content\/uploads\/2016\/09\/A-contre-temps-3-1024x768.jpg 1024w\" sizes=\"auto, (max-width: 700px) 100vw, 700px\" \/><\/a><p id=\"caption-attachment-766\" class=\"wp-caption-text\">A contre temps &#8211; 3 &#8211; 2016 &#8211; Peinture acrylique sur toile &#8211; Dim : 1,64 x 1,95 m<\/p><\/div>\n<p style=\"padding-left: 60px;\">Dans l&rsquo;insouciance d\u00e9mesur\u00e9e de nos belles m\u00e2tin\u00e9es<\/p>\n<p style=\"padding-left: 60px;\">Nous n&rsquo;avons rien vu arriver<\/p>\n<div id=\"attachment_778\" style=\"width: 710px\" class=\"wp-caption aligncenter\"><a href=\"http:\/\/mcbourguignon.fr\/wp-content\/uploads\/2016\/09\/A-contre-temps-4-1.jpg\" rel=\"attachment wp-att-778\"><img loading=\"lazy\" decoding=\"async\" aria-describedby=\"caption-attachment-778\" class=\"size-medium wp-image-778\" src=\"http:\/\/mcbourguignon.fr\/wp-content\/uploads\/2016\/09\/A-contre-temps-4-1-300x225.jpg\" alt=\"A contre temps - 4 - 2016 - Peinture acrylique sur toile - Dim : 1,64 x 1,95 m\" width=\"700\" height=\"525\" srcset=\"https:\/\/mcbourguignon.fr\/wp-content\/uploads\/2016\/09\/A-contre-temps-4-1-300x225.jpg 300w, https:\/\/mcbourguignon.fr\/wp-content\/uploads\/2016\/09\/A-contre-temps-4-1-768x576.jpg 768w, https:\/\/mcbourguignon.fr\/wp-content\/uploads\/2016\/09\/A-contre-temps-4-1-1024x768.jpg 1024w\" sizes=\"auto, (max-width: 700px) 100vw, 700px\" \/><\/a><p id=\"caption-attachment-778\" class=\"wp-caption-text\">A contre temps &#8211; 4 &#8211; 2016 &#8211; Peinture acrylique sur toile &#8211; Dim : 1,64 x 1,95 m<\/p><\/div>\n<p style=\"padding-left: 60px;\">A contre temps, ils sont venus, \u00e0 contre sens,<\/p>\n<p style=\"padding-left: 60px;\">semant le trouble et le malheur, et puis le mal et la terreur<\/p>\n<div id=\"attachment_782\" style=\"width: 710px\" class=\"wp-caption aligncenter\"><a href=\"http:\/\/mcbourguignon.fr\/wp-content\/uploads\/2016\/09\/A-contre-temps-5-1-1.jpg\" rel=\"attachment wp-att-782\"><img loading=\"lazy\" decoding=\"async\" aria-describedby=\"caption-attachment-782\" class=\"size-medium wp-image-782\" src=\"http:\/\/mcbourguignon.fr\/wp-content\/uploads\/2016\/09\/A-contre-temps-5-1-1-300x220.jpg\" alt=\"A contre temps - 5 - 2016 - Peinture acrylique sur toile - Dim : 1,64 x 1,95 m\" width=\"700\" height=\"520\" \/><\/a><p id=\"caption-attachment-782\" class=\"wp-caption-text\">A contre temps &#8211; 5 &#8211; 2016 &#8211; Peinture acrylique sur toile &#8211; Dim : 1,64 x 1,95 m<\/p><\/div>\n<p style=\"padding-left: 60px;\">Un vent glac\u00e9 est arriv\u00e9<\/p>\n<p style=\"padding-left: 60px;\">un vent de de silence et de mort<\/p>\n<div id=\"attachment_788\" style=\"width: 710px\" class=\"wp-caption aligncenter\"><a href=\"http:\/\/mcbourguignon.fr\/wp-content\/uploads\/2016\/09\/A-contre-temps-6-1.jpg\" rel=\"attachment wp-att-788\"><img loading=\"lazy\" decoding=\"async\" aria-describedby=\"caption-attachment-788\" class=\"size-medium wp-image-788\" src=\"http:\/\/mcbourguignon.fr\/wp-content\/uploads\/2016\/09\/A-contre-temps-6-1-300x200.jpg\" alt=\"A contre temps - 6 - 2016 - Peinture acrylique sur toile - Dim : 1,64 x 1,95 m\" width=\"700\" height=\"500\" \/><\/a><p id=\"caption-attachment-788\" class=\"wp-caption-text\">A contre temps &#8211; 6 &#8211; 2016 &#8211; Peinture acrylique sur toile &#8211; Dim : 1,64 x 1,95 m<\/p><\/div>\n<p>&nbsp;<\/p>\n<div id=\"attachment_802\" style=\"width: 710px\" class=\"wp-caption aligncenter\"><a href=\"http:\/\/mcbourguignon.fr\/wp-content\/uploads\/2016\/09\/A-contre-temps-14.jpg\" rel=\"attachment wp-att-802\"><img loading=\"lazy\" decoding=\"async\" aria-describedby=\"caption-attachment-802\" class=\"size-medium wp-image-802\" src=\"http:\/\/mcbourguignon.fr\/wp-content\/uploads\/2016\/09\/A-contre-temps-14-300x225.jpg\" alt=\"A contre temps - 14 - 2016 - Peinture acrylique sur toile - Dim : 1,64 x 1,95 m\" width=\"700\" height=\"516\" \/><\/a><p id=\"caption-attachment-802\" class=\"wp-caption-text\">A contre temps &#8211; 14 &#8211; 2016 &#8211; Peinture acrylique sur toile &#8211; Dim : 1,64 x 1,95 m<\/p><\/div>\n<p>&nbsp;<\/p>\n<div id=\"attachment_799\" style=\"width: 710px\" class=\"wp-caption aligncenter\"><a href=\"http:\/\/mcbourguignon.fr\/wp-content\/uploads\/2016\/09\/A-contre-temps-13.jpg\" rel=\"attachment wp-att-799\"><img loading=\"lazy\" decoding=\"async\" aria-describedby=\"caption-attachment-799\" class=\"size-medium wp-image-799\" src=\"http:\/\/mcbourguignon.fr\/wp-content\/uploads\/2016\/09\/A-contre-temps-13-300x225.jpg\" alt=\"A contre temps - 13 - 2016 - Peinture acrylique sur toile - Dim : 1,64 x 1,95 m\" width=\"700\" height=\"516\" \/><\/a><p id=\"caption-attachment-799\" class=\"wp-caption-text\">A contre temps &#8211; 13 &#8211; 2016 &#8211; Peinture acrylique sur toile &#8211; Dim : 1,64 x 1,95 m<\/p><\/div>\n<p>&nbsp;<\/p>\n<div id=\"attachment_792\" style=\"width: 710px\" class=\"wp-caption aligncenter\"><a href=\"http:\/\/mcbourguignon.fr\/wp-content\/uploads\/2016\/09\/A-contre-temps-16-1.jpg\" rel=\"attachment wp-att-792\"><img loading=\"lazy\" decoding=\"async\" aria-describedby=\"caption-attachment-792\" class=\"size-medium wp-image-792\" src=\"http:\/\/mcbourguignon.fr\/wp-content\/uploads\/2016\/09\/A-contre-temps-16-1-300x216.jpg\" alt=\"A contre temps - 16 - 2016 - Peinture acrylique sur toile - Dim : 1,64 x 1,95 m\" width=\"700\" height=\"516\" \/><\/a><p id=\"caption-attachment-792\" class=\"wp-caption-text\">A contre temps &#8211; 16 &#8211; 2016 &#8211; Peinture acrylique sur toile &#8211; Dim : 1,64 x 1,95 m<\/p><\/div>\n<div id=\"attachment_968\" style=\"width: 710px\" class=\"wp-caption aligncenter\"><a href=\"http:\/\/mcbourguignon.fr\/wp-content\/uploads\/2017\/01\/A-contre-temps-0417.jpg\"><img loading=\"lazy\" decoding=\"async\" aria-describedby=\"caption-attachment-968\" class=\"size-medium wp-image-968\" src=\"http:\/\/mcbourguignon.fr\/wp-content\/uploads\/2017\/01\/A-contre-temps-0417-300x225.jpg\" alt=\"A contre temps - 04\/2017 - Peinture acrylique sur toile - Dim : 1,64 x 1,95 m\" width=\"700\" height=\"525\" srcset=\"https:\/\/mcbourguignon.fr\/wp-content\/uploads\/2017\/01\/A-contre-temps-0417-300x225.jpg 300w, https:\/\/mcbourguignon.fr\/wp-content\/uploads\/2017\/01\/A-contre-temps-0417-768x576.jpg 768w, https:\/\/mcbourguignon.fr\/wp-content\/uploads\/2017\/01\/A-contre-temps-0417-1024x768.jpg 1024w\" sizes=\"auto, (max-width: 700px) 100vw, 700px\" \/><\/a><p id=\"caption-attachment-968\" class=\"wp-caption-text\">A contre temps &#8211; 04\/2017 &#8211; Peinture acrylique sur toile &#8211; Dim : 1,64 x 1,95 m<\/p><\/div>\n<p>&nbsp;<\/p>\n<p>&nbsp;<\/p>\n<p>&nbsp;<\/p>\n<p>&nbsp;<\/p>\n<p>&nbsp;<\/p>\n","protected":false},"excerpt":{"rendered":"<p>Tout allait bien, on avait surmont\u00e9 la vague On s&rsquo;\u00e9tait roul\u00e9 dans les vagues On avait trouv\u00e9 les anc\u00eatres Avec nos cheveux de terre Dans l&rsquo;insouciance d\u00e9mesur\u00e9e de nos belles m\u00e2tin\u00e9es Nous n&rsquo;avons rien vu arriver A contre temps, ils sont venus, \u00e0 contre sens, semant le trouble et le malheur, et puis le mal<a class=\"rmore\" href=\"https:\/\/mcbourguignon.fr\/?page_id=743\">&nbsp;&nbsp; Read More &#8230;<\/a><\/p>\n","protected":false},"author":1,"featured_media":0,"parent":0,"menu_order":0,"comment_status":"closed","ping_status":"closed","template":"","meta":{"footnotes":""},"class_list":["post-743","page","type-page","status-publish","hentry"],"_links":{"self":[{"href":"https:\/\/mcbourguignon.fr\/index.php?rest_route=\/wp\/v2\/pages\/743","targetHints":{"allow":["GET"]}}],"collection":[{"href":"https:\/\/mcbourguignon.fr\/index.php?rest_route=\/wp\/v2\/pages"}],"about":[{"href":"https:\/\/mcbourguignon.fr\/index.php?rest_route=\/wp\/v2\/types\/page"}],"author":[{"embeddable":true,"href":"https:\/\/mcbourguignon.fr\/index.php?rest_route=\/wp\/v2\/users\/1"}],"replies":[{"embeddable":true,"href":"https:\/\/mcbourguignon.fr\/index.php?rest_route=%2Fwp%2Fv2%2Fcomments&post=743"}],"version-history":[{"count":39,"href":"https:\/\/mcbourguignon.fr\/index.php?rest_route=\/wp\/v2\/pages\/743\/revisions"}],"predecessor-version":[{"id":974,"href":"https:\/\/mcbourguignon.fr\/index.php?rest_route=\/wp\/v2\/pages\/743\/revisions\/974"}],"wp:attachment":[{"href":"https:\/\/mcbourguignon.fr\/index.php?rest_route=%2Fwp%2Fv2%2Fmedia&parent=743"}],"curies":[{"name":"wp","href":"https:\/\/api.w.org\/{rel}","templated":true}]}}