{"id":549,"date":"2016-04-07T17:31:04","date_gmt":"2016-04-07T16:31:04","guid":{"rendered":"http:\/\/mcbourguignon.fr\/?page_id=549"},"modified":"2017-01-28T17:34:00","modified_gmt":"2017-01-28T16:34:00","slug":"parcours","status":"publish","type":"page","link":"https:\/\/mcbourguignon.fr\/?page_id=549","title":{"rendered":"Parcours"},"content":{"rendered":"<p style=\"text-align: left; padding-left: 90px;\">1979 &#8211; Ecole Nationale Sup\u00e9rieure des Beaux Arts de Paris &#8211; Peinture &#8211; Atelier Vincent (Jean-Claude) Guignebert<\/p>\n<p style=\"text-align: left; padding-left: 90px;\">1977 &#8211; Ecole des Arts Appliqu\u00e9s Duperr\u00e9 &#8211; Paris<\/p>\n<p style=\"text-align: left; padding-left: 90px;\">1976 &#8211; Atelier de peinture Pierre Farrey &#8211; Paris<\/p>\n<p style=\"text-align: left; padding-left: 90px;\">1972 &#8211; Ecole d\u2019arts appliqu\u00e9s Auguste Renoir &#8211; d\u00e9cor c\u00e9ramique \u2013 Paris<\/p>\n<p style=\"text-align: left; padding-left: 90px;\">Expositions<\/p>\n<p style=\"text-align: left; padding-left: 90px;\">1984 \u2013 Chapelle Romane de Salinelles \u2013 Gard<\/p>\n<p style=\"text-align: left; padding-left: 90px;\">1988 &#8211; Exposition chez Fran\u00e7ois DAVIN \u2013 Paris<\/p>\n<p style=\"text-align: left; padding-left: 90px;\">1989 \u2013 Galerie K\u2019ART \u2013 Simone KERVERN \u2013 Paris<\/p>\n<p style=\"text-align: left; padding-left: 90px;\">1989 \u2013 R\u00e9sidence des Andelys<\/p>\n<p style=\"text-align: left; padding-left: 90px;\">1990 &#8211; Prison de Poissy<\/p>\n<p style=\"text-align: left; padding-left: 90px;\">1990 \u2013 Futuroscope de Poitiers<\/p>\n<p style=\"text-align: left; padding-left: 90px;\">1990 \u2013 Galerie K\u2019ART\u2013 Simone KERVERN \u2013 Paris<\/p>\n<p style=\"text-align: left; padding-left: 90px;\">1991 \u2013 Exposition Grands et jeunes d\u2019aujourd\u2019hui \u2013 Grand Palais \u2013 Paris<\/p>\n<p style=\"text-align: left; padding-left: 90px;\">1992 &#8211; F\u00e9d\u00e9ration Nationale des SAFER &#8211; Paris<\/p>\n","protected":false},"excerpt":{"rendered":"<p>1979 &#8211; Ecole Nationale Sup\u00e9rieure des Beaux Arts de Paris &#8211; Peinture &#8211; Atelier Vincent (Jean-Claude) Guignebert 1977 &#8211; Ecole des Arts Appliqu\u00e9s Duperr\u00e9 &#8211; Paris 1976 &#8211; Atelier de peinture Pierre Farrey &#8211; Paris 1972 &#8211; Ecole d\u2019arts appliqu\u00e9s Auguste Renoir &#8211; d\u00e9cor c\u00e9ramique \u2013 Paris Expositions 1984 \u2013 Chapelle Romane de Salinelles \u2013<a class=\"rmore\" href=\"https:\/\/mcbourguignon.fr\/?page_id=549\">&nbsp;&nbsp; Read More &#8230;<\/a><\/p>\n","protected":false},"author":1,"featured_media":0,"parent":0,"menu_order":0,"comment_status":"closed","ping_status":"closed","template":"","meta":{"footnotes":""},"class_list":["post-549","page","type-page","status-publish","hentry"],"_links":{"self":[{"href":"https:\/\/mcbourguignon.fr\/index.php?rest_route=\/wp\/v2\/pages\/549","targetHints":{"allow":["GET"]}}],"collection":[{"href":"https:\/\/mcbourguignon.fr\/index.php?rest_route=\/wp\/v2\/pages"}],"about":[{"href":"https:\/\/mcbourguignon.fr\/index.php?rest_route=\/wp\/v2\/types\/page"}],"author":[{"embeddable":true,"href":"https:\/\/mcbourguignon.fr\/index.php?rest_route=\/wp\/v2\/users\/1"}],"replies":[{"embeddable":true,"href":"https:\/\/mcbourguignon.fr\/index.php?rest_route=%2Fwp%2Fv2%2Fcomments&post=549"}],"version-history":[{"count":9,"href":"https:\/\/mcbourguignon.fr\/index.php?rest_route=\/wp\/v2\/pages\/549\/revisions"}],"predecessor-version":[{"id":885,"href":"https:\/\/mcbourguignon.fr\/index.php?rest_route=\/wp\/v2\/pages\/549\/revisions\/885"}],"wp:attachment":[{"href":"https:\/\/mcbourguignon.fr\/index.php?rest_route=%2Fwp%2Fv2%2Fmedia&parent=549"}],"curies":[{"name":"wp","href":"https:\/\/api.w.org\/{rel}","templated":true}]}}