{"id":436,"date":"2016-03-25T17:58:55","date_gmt":"2016-03-25T16:58:55","guid":{"rendered":"http:\/\/mcbourguignon.fr\/?page_id=436"},"modified":"2019-05-06T15:31:42","modified_gmt":"2019-05-06T14:31:42","slug":"poeme-sur-madrid","status":"publish","type":"page","link":"https:\/\/mcbourguignon.fr\/?page_id=436","title":{"rendered":"Po\u00e8me sur Madrid"},"content":{"rendered":"<div id=\"attachment_540\" style=\"width: 505px\" class=\"wp-caption aligncenter\"><a href=\"http:\/\/mcbourguignon.fr\/wp-content\/uploads\/2016\/03\/Poe\u0300me-sur-Madrid-dapre\u0300s-M.-H..jpg\" rel=\"attachment wp-att-540\"><img loading=\"lazy\" decoding=\"async\" aria-describedby=\"caption-attachment-540\" class=\"size-medium wp-image-540\" src=\"http:\/\/mcbourguignon.fr\/wp-content\/uploads\/2016\/03\/Poe\u0300me-sur-Madrid-dapre\u0300s-Michel-H.-212x300.jpg\" alt=\"Po\u00e8me sur Madrid d'apr\u00e8s Michel Houellebecq- 03\/2016 - Crayon de couleur - Dim : 42 x 29,5 cm\" width=\"495\" height=\"700\" \/><\/a><p id=\"caption-attachment-540\" class=\"wp-caption-text\">Po\u00e8me sur Madrid d&rsquo;apr\u00e8s un po\u00e8me de M.H- 03\/2016 &#8211; Crayon de couleur &#8211; Dim : 42 x 29,5 cm<\/p><\/div>\n<p style=\"text-align: left;\">\n","protected":false},"excerpt":{"rendered":"","protected":false},"author":1,"featured_media":0,"parent":0,"menu_order":0,"comment_status":"closed","ping_status":"closed","template":"","meta":{"footnotes":""},"class_list":["post-436","page","type-page","status-publish","hentry"],"_links":{"self":[{"href":"https:\/\/mcbourguignon.fr\/index.php?rest_route=\/wp\/v2\/pages\/436","targetHints":{"allow":["GET"]}}],"collection":[{"href":"https:\/\/mcbourguignon.fr\/index.php?rest_route=\/wp\/v2\/pages"}],"about":[{"href":"https:\/\/mcbourguignon.fr\/index.php?rest_route=\/wp\/v2\/types\/page"}],"author":[{"embeddable":true,"href":"https:\/\/mcbourguignon.fr\/index.php?rest_route=\/wp\/v2\/users\/1"}],"replies":[{"embeddable":true,"href":"https:\/\/mcbourguignon.fr\/index.php?rest_route=%2Fwp%2Fv2%2Fcomments&post=436"}],"version-history":[{"count":17,"href":"https:\/\/mcbourguignon.fr\/index.php?rest_route=\/wp\/v2\/pages\/436\/revisions"}],"predecessor-version":[{"id":1143,"href":"https:\/\/mcbourguignon.fr\/index.php?rest_route=\/wp\/v2\/pages\/436\/revisions\/1143"}],"wp:attachment":[{"href":"https:\/\/mcbourguignon.fr\/index.php?rest_route=%2Fwp%2Fv2%2Fmedia&parent=436"}],"curies":[{"name":"wp","href":"https:\/\/api.w.org\/{rel}","templated":true}]}}