{"id":1003,"date":"2017-12-03T18:45:28","date_gmt":"2017-12-03T17:45:28","guid":{"rendered":"http:\/\/mcbourguignon.fr\/?page_id=1003"},"modified":"2018-12-28T17:06:52","modified_gmt":"2018-12-28T16:06:52","slug":"portrait-dadelaide-vella-en-1924","status":"publish","type":"page","link":"https:\/\/mcbourguignon.fr\/?page_id=1003","title":{"rendered":"Portrait d\u2019Ad\u00e9la\u00efde Vella en 1924"},"content":{"rendered":"<p>&nbsp;<\/p>\n<div id=\"attachment_1091\" style=\"width: 710px\" class=\"wp-caption aligncenter\"><a href=\"http:\/\/mcbourguignon.fr\/wp-content\/uploads\/2017\/12\/Chlorophylle-en-Montagne-Noire-130-X-162-M-2017.jpg\"><img loading=\"lazy\" decoding=\"async\" aria-describedby=\"caption-attachment-1091\" class=\"size-medium wp-image-1091\" src=\"http:\/\/mcbourguignon.fr\/wp-content\/uploads\/2017\/12\/Chlorophylle-en-Montagne-Noire-130-X-162-M-2017-300x225.jpg\" alt=\"Exposition 2018 - Tarn - Chlorophylle en Montagne Noire - 1,30 X 1,62 M - 2017\" width=\"700\" height=\"525\" srcset=\"https:\/\/mcbourguignon.fr\/wp-content\/uploads\/2017\/12\/Chlorophylle-en-Montagne-Noire-130-X-162-M-2017-300x225.jpg 300w, https:\/\/mcbourguignon.fr\/wp-content\/uploads\/2017\/12\/Chlorophylle-en-Montagne-Noire-130-X-162-M-2017-768x576.jpg 768w, https:\/\/mcbourguignon.fr\/wp-content\/uploads\/2017\/12\/Chlorophylle-en-Montagne-Noire-130-X-162-M-2017-1024x768.jpg 1024w\" sizes=\"auto, (max-width: 700px) 100vw, 700px\" \/><\/a><p id=\"caption-attachment-1091\" class=\"wp-caption-text\">Exposition 2018 &#8211; Tarn &#8211; Chlorophylle en Montagne Noire &#8211; 1,30 X 1,62 M &#8211; 2017 &#8211; Peinture acrylique sur toile<\/p><\/div>\n<p>&nbsp;<\/p>\n<div id=\"attachment_1004\" style=\"width: 548px\" class=\"wp-caption aligncenter\"><a href=\"http:\/\/mcbourguignon.fr\/wp-content\/uploads\/2017\/12\/IMGP0664.jpg\"><img loading=\"lazy\" decoding=\"async\" aria-describedby=\"caption-attachment-1004\" class=\"size-medium wp-image-1004\" src=\"http:\/\/mcbourguignon.fr\/wp-content\/uploads\/2017\/12\/IMGP0664-253x300.jpg\" alt=\"\" width=\"538\" height=\"700\" \/><\/a><p id=\"caption-attachment-1004\" class=\"wp-caption-text\">Portrait d\u2019Ad\u00e9la\u00efde Vella (env 1924) d&rsquo;apr\u00e8s une photographie de Max d&rsquo;Alger &#8211; 11\/2017 &#8211; Peinture acrylique sur toile &#8211; Dim: 41 x 33 cm<\/p><\/div>\n<p><span style=\"border-radius: 2px; text-indent: 20px; width: auto; padding: 0px 4px 0px 0px; text-align: center; font: bold 11px\/20px 'Helvetica Neue',Helvetica,sans-serif; color: #ffffff; background: #bd081c no-repeat scroll 3px 50% \/ 14px 14px; position: absolute; opacity: 1; z-index: 8675309; display: none; cursor: pointer;\">Enregistrer<\/span><\/p>\n<p><span style=\"border-radius: 2px; text-indent: 20px; width: auto; padding: 0px 4px 0px 0px; text-align: center; font: bold 11px\/20px 'Helvetica Neue',Helvetica,sans-serif; color: #ffffff; background: #bd081c no-repeat scroll 3px 50% \/ 14px 14px; position: absolute; opacity: 1; z-index: 8675309; display: none; cursor: pointer; top: 20px; left: 416px;\">Enregistrer<\/span><\/p>\n","protected":false},"excerpt":{"rendered":"<p>&nbsp; &nbsp; Enregistrer Enregistrer<\/p>\n","protected":false},"author":1,"featured_media":0,"parent":0,"menu_order":0,"comment_status":"closed","ping_status":"closed","template":"","meta":{"footnotes":""},"class_list":["post-1003","page","type-page","status-publish","hentry"],"_links":{"self":[{"href":"https:\/\/mcbourguignon.fr\/index.php?rest_route=\/wp\/v2\/pages\/1003","targetHints":{"allow":["GET"]}}],"collection":[{"href":"https:\/\/mcbourguignon.fr\/index.php?rest_route=\/wp\/v2\/pages"}],"about":[{"href":"https:\/\/mcbourguignon.fr\/index.php?rest_route=\/wp\/v2\/types\/page"}],"author":[{"embeddable":true,"href":"https:\/\/mcbourguignon.fr\/index.php?rest_route=\/wp\/v2\/users\/1"}],"replies":[{"embeddable":true,"href":"https:\/\/mcbourguignon.fr\/index.php?rest_route=%2Fwp%2Fv2%2Fcomments&post=1003"}],"version-history":[{"count":7,"href":"https:\/\/mcbourguignon.fr\/index.php?rest_route=\/wp\/v2\/pages\/1003\/revisions"}],"predecessor-version":[{"id":1094,"href":"https:\/\/mcbourguignon.fr\/index.php?rest_route=\/wp\/v2\/pages\/1003\/revisions\/1094"}],"wp:attachment":[{"href":"https:\/\/mcbourguignon.fr\/index.php?rest_route=%2Fwp%2Fv2%2Fmedia&parent=1003"}],"curies":[{"name":"wp","href":"https:\/\/api.w.org\/{rel}","templated":true}]}}